{"id":22778,"date":"2025-09-27T00:05:19","date_gmt":"2025-09-27T00:05:19","guid":{"rendered":"http:\/\/uggworld.com\/?post_type=product&#038;p=22778"},"modified":"2025-12-03T14:34:10","modified_gmt":"2025-12-03T14:34:10","slug":"classic-mini-ii","status":"publish","type":"product","link":"https:\/\/uggworld.com\/fr\/produit\/classic-mini-ii\/","title":{"rendered":"Classic Mini II"},"content":{"rendered":"<div class=\"content\">\n<div class=\"content\">\n<div class=\"content\">\u00c0 l\u2019origine, nos bottes Classic \u00e9taient port\u00e9es par les surfeurs pour rester au chaud apr\u00e8s leurs sessions matinales. Depuis, leurs peaux de mouton douce et leurs designs durable les ont rendues l\u00e9gendaires. La Classic\u00a0II offre deux nouveaut\u00e9s\u00a0: elle r\u00e9siste d\u00e9sormais aux taches et \u00e0 l\u2019eau, et elle est \u00e9quip\u00e9e d\u2019une semelle l\u00e9g\u00e8re qui assure amorti, long\u00e9vit\u00e9 et adh\u00e9rence. Ces bottes polyvalentes se marient avec presque tout\u00a0! Essayez-les avec un jean boyfriend ample et un top en velours.<\/div>\n<div class=\"content\">Article n\u00b0\u00a0: <span class=\"product-id static\">1016222<\/span><\/div>\n<div class=\"model-info mt-1 mb-1\"><\/div>\n<div class=\"model-info-secondary mb-1\"><\/div>\n<div id=\"description-info-more-content\" class=\"product-description-view-more\">\n<div class=\"content\">\n<p>&nbsp;<\/p>\n<ul>\n<li>Mati\u00e8re double face en peau de mouton et daim<\/li>\n<li>Pr\u00e9trait\u00e9e pour r\u00e9sister \u00e0 l\u2019humidit\u00e9 et aux taches<\/li>\n<li>Tirant \u00e0 l\u2019arri\u00e8re<\/li>\n<li>Coutures en surjet<\/li>\n<li>Semelle int\u00e9rieure en peau de mouton<\/li>\n<li>Semelle ext\u00e9rieure Treadlite by UGG\u2122<\/li>\n<li>Bordure en nylon<\/li>\n<li>Hauteur de la tige\u00a0: 14\u00a0cm<\/li>\n<li>Par UGG\u00ae<\/li>\n<\/ul>\n<\/div>\n<\/div>\n<\/div>\n<\/div>","protected":false},"excerpt":{"rendered":"<p>\u00c0 l\u2019origine, nos bottes Classic \u00e9taient port\u00e9es par les surfeurs pour rester au chaud apr\u00e8s leurs sessions matinales. Depuis, leurs peaux de mouton douce et leurs designs durable les ont rendues l\u00e9gendaires. La Classic\u00a0II offre deux nouveaut\u00e9s\u00a0: elle r\u00e9siste d\u00e9sormais aux taches et \u00e0 l\u2019eau, et elle est \u00e9quip\u00e9e d\u2019une semelle l\u00e9g\u00e8re qui assure amorti, [&hellip;]<\/p>","protected":false},"featured_media":23237,"comment_status":"open","ping_status":"closed","template":"","meta":{"_acf_changed":false},"product_brand":[],"product_cat":[99],"product_tag":[],"class_list":{"0":"post-22778","1":"product","2":"type-product","3":"status-publish","4":"has-post-thumbnail","6":"product_cat-cat-shoes","8":"first","9":"instock","10":"sale","11":"shipping-taxable","12":"purchasable","13":"product-type-variable","14":"has-default-attributes","15":"add-to-wishlist-after_add_to_cart"},"acf":[],"jetpack_sharing_enabled":true,"_links":{"self":[{"href":"https:\/\/uggworld.com\/fr\/wp-json\/wp\/v2\/product\/22778","targetHints":{"allow":["GET"]}}],"collection":[{"href":"https:\/\/uggworld.com\/fr\/wp-json\/wp\/v2\/product"}],"about":[{"href":"https:\/\/uggworld.com\/fr\/wp-json\/wp\/v2\/types\/product"}],"replies":[{"embeddable":true,"href":"https:\/\/uggworld.com\/fr\/wp-json\/wp\/v2\/comments?post=22778"}],"wp:featuredmedia":[{"embeddable":true,"href":"https:\/\/uggworld.com\/fr\/wp-json\/wp\/v2\/media\/23237"}],"wp:attachment":[{"href":"https:\/\/uggworld.com\/fr\/wp-json\/wp\/v2\/media?parent=22778"}],"wp:term":[{"taxonomy":"product_brand","embeddable":true,"href":"https:\/\/uggworld.com\/fr\/wp-json\/wp\/v2\/product_brand?post=22778"},{"taxonomy":"product_cat","embeddable":true,"href":"https:\/\/uggworld.com\/fr\/wp-json\/wp\/v2\/product_cat?post=22778"},{"taxonomy":"product_tag","embeddable":true,"href":"https:\/\/uggworld.com\/fr\/wp-json\/wp\/v2\/product_tag?post=22778"}],"curies":[{"name":"wp","href":"https:\/\/api.w.org\/{rel}","templated":true}]}}