{"id":22737,"date":"2025-09-21T00:02:47","date_gmt":"2025-09-21T00:02:47","guid":{"rendered":"http:\/\/uggworld.com\/?post_type=product&#038;p=22737"},"modified":"2025-10-22T17:19:17","modified_gmt":"2025-10-22T17:19:17","slug":"dames-scuffette-ii-pantoffel","status":"publish","type":"product","link":"https:\/\/uggworld.com\/fr\/produit\/dames-scuffette-ii-pantoffel\/","title":{"rendered":"Scuffette II-Pantoffel"},"content":{"rendered":"<div class=\"content\">Our Scuffette brings all the warm and cozy spa-day vibes to those Monday mornings that you pretend are actually Sunday mornings. Put these next to your bed, and slide into them when you need that support. You can do it! It&#8217;s almost Friday! The Scuffette pulls together any loungewear look with a suede upper and sheepskin collar. Step in and it only gets better with fully lined sheepskin inside.<\/div>\n<div><span style=\"color: #ffffff;\">&#8211;<\/span><\/div>\n<div class=\"content\">This product was made in a factory that supports women in our supply chain with the help of Reimagining Industry to Support Equality (RISE). This collaborative initiative creates partnerships with brands like ours to empower and educate women in the workplace. Item No.\u00a0<span class=\"product-id\">1106872<\/span><\/div>\n<div><span style=\"color: #ffffff;\">&#8211;<\/span><\/div>\n<div id=\"description-info-more-content\" class=\"product-description-view-more\">\n<div class=\"content\">\n<ul>\n<li>Suede upper<\/li>\n<li>Sheepskin collar<\/li>\n<li>Doublure en peau de mouton de 17 mm<\/li>\n<li>17mm sheepskin insole<\/li>\n<li>Molded rubber outsole<\/li>\n<li>Reliure en polyester ou en textile fabriqu\u00e9 \u00e0 partir de fibres de polyester recycl\u00e9es \u00e0 100%.<\/li>\n<li>The UGG\u00ae Logo, heat-embossed, Woven label with The UGG\u00ae Logo on insole<\/li>\n<li>RN 88276<\/li>\n<li>Ce produit contient de la vraie fourrure de mouton ou d'agneau. La fourrure peut provenir d'Australie, d'Irlande, du Royaume-Uni ou des \u00c9tats-Unis. Elle a \u00e9t\u00e9 teint\u00e9e et trait\u00e9e artificiellement.<\/li>\n<\/ul>\n<\/div>\n<\/div>","protected":false},"excerpt":{"rendered":"<p>Our Scuffette brings all the warm and cozy spa-day vibes to those Monday mornings that you pretend are actually Sunday mornings. Put these next to your bed, and slide into them when you need that support. You can do it! It&#8217;s almost Friday! The Scuffette pulls together any loungewear look with a suede upper and [&hellip;]<\/p>","protected":false},"featured_media":23334,"comment_status":"open","ping_status":"closed","template":"","meta":{"_acf_changed":false},"product_brand":[],"product_cat":[99],"product_tag":[],"class_list":{"0":"post-22737","1":"product","2":"type-product","3":"status-publish","4":"has-post-thumbnail","6":"product_cat-cat-shoes","8":"first","9":"instock","10":"sale","11":"shipping-taxable","12":"purchasable","13":"product-type-variable","14":"has-default-attributes","15":"add-to-wishlist-after_add_to_cart"},"acf":[],"jetpack_sharing_enabled":true,"_links":{"self":[{"href":"https:\/\/uggworld.com\/fr\/wp-json\/wp\/v2\/product\/22737","targetHints":{"allow":["GET"]}}],"collection":[{"href":"https:\/\/uggworld.com\/fr\/wp-json\/wp\/v2\/product"}],"about":[{"href":"https:\/\/uggworld.com\/fr\/wp-json\/wp\/v2\/types\/product"}],"replies":[{"embeddable":true,"href":"https:\/\/uggworld.com\/fr\/wp-json\/wp\/v2\/comments?post=22737"}],"wp:featuredmedia":[{"embeddable":true,"href":"https:\/\/uggworld.com\/fr\/wp-json\/wp\/v2\/media\/23334"}],"wp:attachment":[{"href":"https:\/\/uggworld.com\/fr\/wp-json\/wp\/v2\/media?parent=22737"}],"wp:term":[{"taxonomy":"product_brand","embeddable":true,"href":"https:\/\/uggworld.com\/fr\/wp-json\/wp\/v2\/product_brand?post=22737"},{"taxonomy":"product_cat","embeddable":true,"href":"https:\/\/uggworld.com\/fr\/wp-json\/wp\/v2\/product_cat?post=22737"},{"taxonomy":"product_tag","embeddable":true,"href":"https:\/\/uggworld.com\/fr\/wp-json\/wp\/v2\/product_tag?post=22737"}],"curies":[{"name":"wp","href":"https:\/\/api.w.org\/{rel}","templated":true}]}}