{"id":22709,"date":"2025-09-22T00:03:34","date_gmt":"2025-09-22T00:03:34","guid":{"rendered":"http:\/\/uggworld.com\/?post_type=product&#038;p=22709"},"modified":"2025-10-22T15:32:20","modified_gmt":"2025-10-22T15:32:20","slug":"female-slipper-disquette","status":"publish","type":"product","link":"https:\/\/uggworld.com\/fr\/produit\/female-slipper-disquette\/","title":{"rendered":"Disquette-Pantoffel"},"content":{"rendered":"<div class=\"content\">\n<div class=\"content\">How would you describe yourself? Totally unique? Like to stand out? Want to try both for the first time? Then you are definitely on the right page. Our Disquette adds a 1&#8243; retro-style platform sole to a familiar slip-on silhouette for outdoor wear, an all-day cushion, and a maximalist look. Crafted from our signature sheepskin and suede, this effortless style adds a playful statement to your life.<\/div>\n<div><span style=\"color: #ffffff;\">&#8211;<\/span><\/div>\n<div class=\"content\">The outsole of this product is either a sugarcane EVA outsole, which is a responsible compound using sugarcane foam that allows us to reduce dependency on fossil fuels by replacing petroleum-based ethylene, or a Treadlite by UGG\u2122 outsole.<\/div>\n<div><span style=\"color: #ffffff;\">&#8211;<\/span><\/div>\n<div class=\"content\">This product was made in a factory that supports women in our supply chain with the help of Reimagining Industry to Support Equality (RISE). This collaborative initiative creates partnerships with brands like ours to empower and educate women in the workplace. Item No.\u00a0<span class=\"product-id\">1122550<\/span><\/div>\n<div><span style=\"color: #ffffff;\">&#8211;<\/span><\/div>\n<div id=\"description-info-more-content\" class=\"product-description-view-more\">\n<div class=\"content\">\n<ul>\n<li>Suede upper<\/li>\n<li>Sheepskin collar<\/li>\n<li>Doublure en peau de mouton de 17 mm<\/li>\n<li>17mm sheepskin insole<\/li>\n<li>EVA midsole<\/li>\n<li>Semelle ext\u00e9rieure EVA Sugarcane ou semelle ext\u00e9rieure EVA Treadlite by UGG\u2122<\/li>\n<li>Textile binding made from 100% recycled polyester fibers<\/li>\n<li>1&#8243; platform height<\/li>\n<li>Woven label with The UGG\u00ae Logo on insole, The UGG\u00ae Logo, heat-embossed<\/li>\n<li>RN 88276<\/li>\n<li>Ce produit contient de la vraie fourrure de mouton ou d'agneau. La fourrure peut provenir d'Australie, d'Irlande, du Royaume-Uni ou des \u00c9tats-Unis. Elle a \u00e9t\u00e9 teint\u00e9e et trait\u00e9e artificiellement.<\/li>\n<\/ul>\n<\/div>\n<\/div>\n<\/div>","protected":false},"excerpt":{"rendered":"<p>How would you describe yourself? Totally unique? Like to stand out? Want to try both for the first time? Then you are definitely on the right page. Our Disquette adds a 1&#8243; retro-style platform sole to a familiar slip-on silhouette for outdoor wear, an all-day cushion, and a maximalist look. Crafted from our signature sheepskin [&hellip;]<\/p>","protected":false},"featured_media":23318,"comment_status":"open","ping_status":"closed","template":"","meta":{"_acf_changed":false},"product_brand":[],"product_cat":[99],"product_tag":[],"class_list":{"0":"post-22709","1":"product","2":"type-product","3":"status-publish","4":"has-post-thumbnail","6":"product_cat-cat-shoes","8":"first","9":"instock","10":"sale","11":"shipping-taxable","12":"purchasable","13":"product-type-variable","14":"has-default-attributes","15":"add-to-wishlist-after_add_to_cart"},"acf":[],"jetpack_sharing_enabled":true,"_links":{"self":[{"href":"https:\/\/uggworld.com\/fr\/wp-json\/wp\/v2\/product\/22709","targetHints":{"allow":["GET"]}}],"collection":[{"href":"https:\/\/uggworld.com\/fr\/wp-json\/wp\/v2\/product"}],"about":[{"href":"https:\/\/uggworld.com\/fr\/wp-json\/wp\/v2\/types\/product"}],"replies":[{"embeddable":true,"href":"https:\/\/uggworld.com\/fr\/wp-json\/wp\/v2\/comments?post=22709"}],"wp:featuredmedia":[{"embeddable":true,"href":"https:\/\/uggworld.com\/fr\/wp-json\/wp\/v2\/media\/23318"}],"wp:attachment":[{"href":"https:\/\/uggworld.com\/fr\/wp-json\/wp\/v2\/media?parent=22709"}],"wp:term":[{"taxonomy":"product_brand","embeddable":true,"href":"https:\/\/uggworld.com\/fr\/wp-json\/wp\/v2\/product_brand?post=22709"},{"taxonomy":"product_cat","embeddable":true,"href":"https:\/\/uggworld.com\/fr\/wp-json\/wp\/v2\/product_cat?post=22709"},{"taxonomy":"product_tag","embeddable":true,"href":"https:\/\/uggworld.com\/fr\/wp-json\/wp\/v2\/product_tag?post=22709"}],"curies":[{"name":"wp","href":"https:\/\/api.w.org\/{rel}","templated":true}]}}