{"id":22392,"date":"2025-09-26T00:06:19","date_gmt":"2025-09-26T00:06:19","guid":{"rendered":"http:\/\/uggworld.com\/?post_type=product&#038;p=22392"},"modified":"2025-12-03T14:35:23","modified_gmt":"2025-12-03T14:35:23","slug":"classic-ultra-mini-plateforme","status":"publish","type":"product","link":"https:\/\/uggworld.com\/fr\/produit\/classic-ultra-mini-plateforme\/","title":{"rendered":"Classic Ultra Mini \u00c0 Plateforme"},"content":{"rendered":"<div class=\"content\">\n<div class=\"content\">\n<div class=\"content\">Voici l\u2019un de nos mod\u00e8les les plus embl\u00e9matiques et croyez-nous, nous avons de quoi le prouver. Cette botte Classic\u00a0Ultra repens\u00e9e avec une plateforme allie modernit\u00e9 et nostalgie \u00e0 la perfection. Elle est r\u00e9alis\u00e9e en daim somptueux et doubl\u00e9e de notre m\u00e9lange UGGplush\u2122 qui lui donne une douceur embl\u00e9matique. La semelle ext\u00e9rieure de ce produit est soit en EVA issu de la canne \u00e0 sucre, un compos\u00e9 responsable utilisant de la mousse de canne \u00e0 sucre qui nous permet de r\u00e9duire la d\u00e9pendance aux combustibles fossiles en rempla\u00e7ant l\u2019\u00e9thyl\u00e8ne \u00e0 base de p\u00e9trole, soit en Treadlite by UGG\u2122. Ce produit a \u00e9t\u00e9 fabriqu\u00e9 dans une usine qui soutient les femmes intervenant dans notre cha\u00eene d\u2019approvisionnement par le biais de HERproject. Cette initiative collaborative cr\u00e9e des partenariats avec des marques comme la n\u00f4tre pour valoriser et former les femmes sur le lieu de travail. Les promotions ne s\u2019appliquent pas \u00e0 ce produit.<\/div>\n<div class=\"content\">Article n\u00b0\u00a0: <span class=\"product-id static\">1135092<\/span><\/div>\n<div class=\"model-info mt-1 mb-1\"><\/div>\n<div class=\"model-info-secondary mb-1\"><\/div>\n<div id=\"description-info-more-content\" class=\"product-description-view-more\">\n<div class=\"content\">\n<p>&nbsp;<\/p>\n<ul>\n<li>Tige en daim, coutures en surjet, tirant \u00e0 l\u2019arri\u00e8re, bracelet asym\u00e9trique<\/li>\n<li>Doublure UGGplush\u2122 de 17\u00a0mm (80\u00a0% laine recycl\u00e9e, 20\u00a0% lyocell TENCEL\u2122) ou doublure UGGplush\u2122 de 17\u00a0mm (60\u00a0% laine recycl\u00e9e, 40\u00a0% lyocell TENCEL\u2122)<\/li>\n<li>Semelle int\u00e9rieure UGGplush\u2122 de 17\u00a0mm (80\u00a0% laine recycl\u00e9e, 20\u00a0% lyocell TENCEL\u2122) ou semelle int\u00e9rieure UGGplush\u2122 de 17\u00a0mm (60\u00a0% laine recycl\u00e9e, 40\u00a0% lyocell TENCEL\u2122)<\/li>\n<li>Semelle interm\u00e9diaire en EVA<\/li>\n<li>Semelle ext\u00e9rieure en EVA issu de la canne \u00e0 sucre ou semelle ext\u00e9rieure en EVA Treadlite\u00a0by\u00a0UGG\u2122<\/li>\n<li>Bordure en polyester ou en polyester 100\u00a0% recycl\u00e9<\/li>\n<li>Hauteur de la tige\u00a0: 9\u00a0cm<\/li>\n<li>Plateforme de 5\u00a0cm<\/li>\n<li>\u00c9tiquette en daim avec logo UGG\u00ae estamp\u00e9 au niveau du talon<\/li>\n<li>Mod\u00e8le id\u00e9al pour\u00a0: un style d\u00e9contract\u00e9<\/li>\n<\/ul>\n<\/div>\n<\/div>\n<\/div>\n<\/div>","protected":false},"excerpt":{"rendered":"<p>Voici l\u2019un de nos mod\u00e8les les plus embl\u00e9matiques et croyez-nous, nous avons de quoi le prouver. Cette botte Classic\u00a0Ultra repens\u00e9e avec une plateforme allie modernit\u00e9 et nostalgie \u00e0 la perfection. Elle est r\u00e9alis\u00e9e en daim somptueux et doubl\u00e9e de notre m\u00e9lange UGGplush\u2122 qui lui donne une douceur embl\u00e9matique. La semelle ext\u00e9rieure de ce produit est [&hellip;]<\/p>","protected":false},"featured_media":22396,"comment_status":"open","ping_status":"closed","template":"","meta":{"_acf_changed":false},"product_brand":[],"product_cat":[99],"product_tag":[],"class_list":{"0":"post-22392","1":"product","2":"type-product","3":"status-publish","4":"has-post-thumbnail","6":"product_cat-cat-shoes","8":"first","9":"instock","10":"sale","11":"shipping-taxable","12":"purchasable","13":"product-type-variable","14":"has-default-attributes","15":"add-to-wishlist-after_add_to_cart"},"acf":[],"jetpack_sharing_enabled":true,"_links":{"self":[{"href":"https:\/\/uggworld.com\/fr\/wp-json\/wp\/v2\/product\/22392","targetHints":{"allow":["GET"]}}],"collection":[{"href":"https:\/\/uggworld.com\/fr\/wp-json\/wp\/v2\/product"}],"about":[{"href":"https:\/\/uggworld.com\/fr\/wp-json\/wp\/v2\/types\/product"}],"replies":[{"embeddable":true,"href":"https:\/\/uggworld.com\/fr\/wp-json\/wp\/v2\/comments?post=22392"}],"wp:featuredmedia":[{"embeddable":true,"href":"https:\/\/uggworld.com\/fr\/wp-json\/wp\/v2\/media\/22396"}],"wp:attachment":[{"href":"https:\/\/uggworld.com\/fr\/wp-json\/wp\/v2\/media?parent=22392"}],"wp:term":[{"taxonomy":"product_brand","embeddable":true,"href":"https:\/\/uggworld.com\/fr\/wp-json\/wp\/v2\/product_brand?post=22392"},{"taxonomy":"product_cat","embeddable":true,"href":"https:\/\/uggworld.com\/fr\/wp-json\/wp\/v2\/product_cat?post=22392"},{"taxonomy":"product_tag","embeddable":true,"href":"https:\/\/uggworld.com\/fr\/wp-json\/wp\/v2\/product_tag?post=22392"}],"curies":[{"name":"wp","href":"https:\/\/api.w.org\/{rel}","templated":true}]}}