{"id":22297,"date":"2025-09-28T00:07:34","date_gmt":"2025-09-28T00:07:34","guid":{"rendered":"http:\/\/uggworld.com\/?post_type=product&#038;p=22297"},"modified":"2025-12-02T18:29:08","modified_gmt":"2025-12-02T18:29:08","slug":"classic-ultra-mini","status":"publish","type":"product","link":"https:\/\/uggworld.com\/fr\/produit\/classic-ultra-mini\/","title":{"rendered":"Classic Ultra Mini"},"content":{"rendered":"<div class=\"content\">\n<div class=\"content\">\n<div class=\"content\">La Classic\u00a0Ultra\u00a0Mini est l\u2019un de nos mod\u00e8les Classic les plus pris\u00e9s. Ind\u00e9niablement tendance, elle pr\u00e9sente une tige basse qui permet de l\u2019enfiler et de la retirer rapidement. Pr\u00e9-trait\u00e9 pour afficher une allure impeccable au fil du temps, ce mod\u00e8le Classic incorpore tous vos \u00e9l\u00e9ments pr\u00e9f\u00e9r\u00e9s pr\u00e9sents sur la botte Classic\u00a0: la peau de mouton iconique UGG et une semelle souple ultral\u00e9g\u00e8re. Ce produit a \u00e9t\u00e9 fabriqu\u00e9 dans une usine qui soutient les femmes intervenant dans notre cha\u00eene d\u2019approvisionnement par le biais de HERproject. Cette initiative collaborative cr\u00e9e des partenariats avec des marques comme la n\u00f4tre pour valoriser et former les femmes sur le lieu de travail. La semelle ext\u00e9rieure de ce produit est soit en EVA issu de la canne \u00e0 sucre, un compos\u00e9 responsable utilisant de la mousse de canne \u00e0 sucre qui nous permet de r\u00e9duire la d\u00e9pendance aux combustibles fossiles en rempla\u00e7ant l\u2019\u00e9thyl\u00e8ne \u00e0 base de p\u00e9trole, soit en Treadlite by UGG\u2122.<\/div>\n<div class=\"content\">Article n\u00b0\u00a0: <span class=\"product-id static\">1116109<\/span><\/div>\n<div class=\"model-info mt-1 mb-1\"><\/div>\n<div class=\"model-info-secondary mb-1\"><\/div>\n<div id=\"description-info-more-content\" class=\"product-description-view-more\">\n<div class=\"content\">\n<p>&nbsp;<\/p>\n<ul>\n<li>Protection\u00a0: traitement post-application traitement hydrofuge appliqu\u00e9 localement<\/li>\n<li>Tige en peau de mouton double\u00a0face 17\u00a0mm<\/li>\n<li>Col asym\u00e9trique, surjet d\u00e9coratif sur les coutures, tirant \u00e0 l\u2019arri\u00e8re, contrefort en daim<\/li>\n<li>Doublure de 17\u00a0mm d\u2019\u00e9paisseur en peau de mouton<\/li>\n<li>Semelle int\u00e9rieure en peau de mouton de 17\u00a0mm<\/li>\n<li>Semelle ext\u00e9rieure en EVA issu de la canne \u00e0 sucre ou semelle ext\u00e9rieure en EVA Treadlite\u00a0by\u00a0UGG\u2122<\/li>\n<li>Bordure en polyester ou textile en fibres de polyester 100\u00a0% recycl\u00e9<\/li>\n<li>Hauteur de la tige\u00a0: 9\u00a0cm<\/li>\n<li>\u00c9tiquette en cuir avec logo UGG\u00ae estamp\u00e9 au niveau du talon<\/li>\n<li>Mod\u00e8le id\u00e9al pour\u00a0: un style d\u00e9contract\u00e9<\/li>\n<\/ul>\n<\/div>\n<\/div>\n<\/div>\n<\/div>","protected":false},"excerpt":{"rendered":"<p>La Classic\u00a0Ultra\u00a0Mini est l\u2019un de nos mod\u00e8les Classic les plus pris\u00e9s. Ind\u00e9niablement tendance, elle pr\u00e9sente une tige basse qui permet de l\u2019enfiler et de la retirer rapidement. Pr\u00e9-trait\u00e9 pour afficher une allure impeccable au fil du temps, ce mod\u00e8le Classic incorpore tous vos \u00e9l\u00e9ments pr\u00e9f\u00e9r\u00e9s pr\u00e9sents sur la botte Classic\u00a0: la peau de mouton iconique [&hellip;]<\/p>","protected":false},"featured_media":22304,"comment_status":"open","ping_status":"closed","template":"","meta":{"_acf_changed":false},"product_brand":[],"product_cat":[99],"product_tag":[],"class_list":{"0":"post-22297","1":"product","2":"type-product","3":"status-publish","4":"has-post-thumbnail","6":"product_cat-cat-shoes","8":"first","9":"instock","10":"sale","11":"shipping-taxable","12":"purchasable","13":"product-type-variable","14":"has-default-attributes","15":"add-to-wishlist-after_add_to_cart"},"acf":[],"jetpack_sharing_enabled":true,"_links":{"self":[{"href":"https:\/\/uggworld.com\/fr\/wp-json\/wp\/v2\/product\/22297","targetHints":{"allow":["GET"]}}],"collection":[{"href":"https:\/\/uggworld.com\/fr\/wp-json\/wp\/v2\/product"}],"about":[{"href":"https:\/\/uggworld.com\/fr\/wp-json\/wp\/v2\/types\/product"}],"replies":[{"embeddable":true,"href":"https:\/\/uggworld.com\/fr\/wp-json\/wp\/v2\/comments?post=22297"}],"wp:featuredmedia":[{"embeddable":true,"href":"https:\/\/uggworld.com\/fr\/wp-json\/wp\/v2\/media\/22304"}],"wp:attachment":[{"href":"https:\/\/uggworld.com\/fr\/wp-json\/wp\/v2\/media?parent=22297"}],"wp:term":[{"taxonomy":"product_brand","embeddable":true,"href":"https:\/\/uggworld.com\/fr\/wp-json\/wp\/v2\/product_brand?post=22297"},{"taxonomy":"product_cat","embeddable":true,"href":"https:\/\/uggworld.com\/fr\/wp-json\/wp\/v2\/product_cat?post=22297"},{"taxonomy":"product_tag","embeddable":true,"href":"https:\/\/uggworld.com\/fr\/wp-json\/wp\/v2\/product_tag?post=22297"}],"curies":[{"name":"wp","href":"https:\/\/api.w.org\/{rel}","templated":true}]}}